{"id":75,"date":"2025-06-01T14:45:30","date_gmt":"2025-06-01T12:45:30","guid":{"rendered":"https:\/\/beneteau.projetsmmichamps.fr\/SiteOnePage\/?page_id=75"},"modified":"2025-06-01T15:58:18","modified_gmt":"2025-06-01T13:58:18","slug":"a-propos","status":"publish","type":"page","link":"https:\/\/beneteau.projetsmmichamps.fr\/SiteOnePage\/a-propos\/","title":{"rendered":"\u00c0 propos"},"content":{"rendered":"\n<p class=\"has-medium-font-size\"><strong>TH\u00c8ME UTILIS\u00c9<\/strong><br>J\u2019ai utilis\u00e9 le th\u00e8me OceanWP, car il est l\u00e9ger, personnalisable, et bien adapt\u00e9 \u00e0 des projets cr\u00e9atifs. Il permet une bonne compatibilit\u00e9 avec Elementor et offre de nombreuses options pour le design d&rsquo;une page.<\/p>\n\n\n\n<p class=\"has-medium-font-size\"><strong>PAGE BUILDER<\/strong><br>Le constructeur de pages utilis\u00e9 est Elementor, car il offre une interface intuitive en glisser-d\u00e9poser et permet de construire rapidement des sections complexes sans coder. Il est particuli\u00e8rement adapt\u00e9 \u00e0 un site vitrine de ce type. Je l&rsquo;ai notamment utilis\u00e9 pour masquer le titre qui appara\u00eet automatiquement sur WordPress, ainsi que le pied de page.<\/p>\n\n\n\n<p class=\"has-medium-font-size\"><strong>EXTENSIONS INSTALL\u00c9ES<\/strong><br>Voici les extensions que j\u2019ai install\u00e9es pour construire le site, m\u00eame si toutes n\u2019ont pas pu \u00eatre utilis\u00e9es jusqu\u2019au bout :<\/p>\n\n\n\n<ul class=\"wp-block-list\">\n<li class=\"has-medium-font-size\"><strong>Elementor :<\/strong> c\u2019est le page builder principal utilis\u00e9 pour cr\u00e9er toute la structure du site.<\/li>\n\n\n\n<li class=\"has-medium-font-size\"><strong>WPForms Lite :<\/strong> utilis\u00e9 pour cr\u00e9er le formulaire de contact de mani\u00e8re simple et intuitive.<\/li>\n\n\n\n<li class=\"has-medium-font-size\"><strong>Ocean Extra :<\/strong> ajoute des options utiles pour compl\u00e9ter les r\u00e9glages du th\u00e8me OceanWP.<\/li>\n\n\n\n<li class=\"has-medium-font-size\"><strong>Ultimate Addons for Elementor Lite :<\/strong> extension qui apporte des blocs suppl\u00e9mentaires pour Elementor, je l&rsquo;avais install\u00e9e pour modifier la barre de navigation sur Elementor, mais je n&rsquo;ai malheureusement pas r\u00e9ussi (voir partie \u00ab\u00a0Menu fixe\u00a0\u00bb).<\/li>\n\n\n\n<li class=\"has-medium-font-size\"><strong>The Events Calendar, Event Tickets et Simple Calendar :<\/strong> ces extensions avaient pour but d\u2019ajouter un syst\u00e8me de gestion d\u2019\u00e9v\u00e9nements et d\u2019affichage de calendrier. Cependant, je n\u2019ai pas r\u00e9ussi \u00e0 les faire fonctionner correctement ou \u00e0 les int\u00e9grer \u00e0 la structure actuelle du site. Je me suis donc content\u00e9e d&rsquo;un lien avec une localisation sur une carte.<\/li>\n<\/ul>\n\n\n\n<p class=\"has-medium-font-size\"><strong>WIDGETS SP\u00c9CIAUX ET \u00c9L\u00c9MENTS PERSONNALIS\u00c9S<\/strong><br>J\u2019ai principalement utilis\u00e9 les widgets propos\u00e9s par Elementor : galerie d\u2019images d\u00e9filante, int\u00e9gration de vid\u00e9os, boutons, carte avec localisation, code HTML, etc.<br>Pour les morceaux \u00e0 \u00e9couter, j\u2019ai utilis\u00e9 le widget SoundCloud d\u2019Elementor, ce qui permet de diffuser des extraits audio directement sur le site.<br>Le formulaire de contact est le seul \u00e9l\u00e9ment qui utilise un widget externe, fourni par l\u2019extension WPForms Lite.<\/p>\n\n\n\n<p class=\"has-medium-font-size\"><strong>MENU FIXE<\/strong><br>Je n\u2019ai pas r\u00e9ussi \u00e0 faire un menu sticky directement avec OceanWP ou via une extension. J\u2019ai donc cr\u00e9\u00e9 un menu fixe personnalis\u00e9 en HTML et CSS, ins\u00e9r\u00e9 dans la page gr\u00e2ce \u00e0 un bloc HTML Elementor. Cette m\u00e9thode m\u2019a permis d\u2019avoir un menu toujours visible, simple et fonctionnel, m\u00eame si ce n&rsquo;\u00e9tait pas forc\u00e9ment la mani\u00e8re de faire attendue.<\/p>\n","protected":false},"excerpt":{"rendered":"<p>TH\u00c8ME UTILIS\u00c9J\u2019ai utilis\u00e9 le th\u00e8me OceanWP, car il est l\u00e9ger, personnalisable, et bien adapt\u00e9 \u00e0 des projets cr\u00e9atifs. Il permet une bonne compatibilit\u00e9 avec Elementor et offre de nombreuses options [&hellip;]<\/p>\n","protected":false},"author":1,"featured_media":0,"parent":0,"menu_order":0,"comment_status":"closed","ping_status":"closed","template":"","meta":{"_price":"","_stock":"","_tribe_ticket_header":"","_tribe_default_ticket_provider":"","_tribe_ticket_capacity":"0","_ticket_start_date":"","_ticket_end_date":"","_tribe_ticket_show_description":"","_tribe_ticket_show_not_going":false,"_tribe_ticket_use_global_stock":"","_tribe_ticket_global_stock_level":"","_global_stock_mode":"","_global_stock_cap":"","_tribe_rsvp_for_event":"","_tribe_ticket_going_count":"","_tribe_ticket_not_going_count":"","_tribe_tickets_list":"[]","_tribe_ticket_has_attendee_info_fields":false,"ocean_post_layout":"","ocean_both_sidebars_style":"","ocean_both_sidebars_content_width":0,"ocean_both_sidebars_sidebars_width":0,"ocean_sidebar":"","ocean_second_sidebar":"","ocean_disable_margins":"enable","ocean_add_body_class":"","ocean_shortcode_before_top_bar":"","ocean_shortcode_after_top_bar":"","ocean_shortcode_before_header":"","ocean_shortcode_after_header":"","ocean_has_shortcode":"","ocean_shortcode_after_title":"","ocean_shortcode_before_footer_widgets":"","ocean_shortcode_after_footer_widgets":"","ocean_shortcode_before_footer_bottom":"","ocean_shortcode_after_footer_bottom":"","ocean_display_top_bar":"default","ocean_display_header":"default","ocean_header_style":"","ocean_center_header_left_menu":"","ocean_custom_header_template":"","ocean_custom_logo":0,"ocean_custom_retina_logo":0,"ocean_custom_logo_max_width":0,"ocean_custom_logo_tablet_max_width":0,"ocean_custom_logo_mobile_max_width":0,"ocean_custom_logo_max_height":0,"ocean_custom_logo_tablet_max_height":0,"ocean_custom_logo_mobile_max_height":0,"ocean_header_custom_menu":"","ocean_menu_typo_font_family":"","ocean_menu_typo_font_subset":"","ocean_menu_typo_font_size":0,"ocean_menu_typo_font_size_tablet":0,"ocean_menu_typo_font_size_mobile":0,"ocean_menu_typo_font_size_unit":"px","ocean_menu_typo_font_weight":"","ocean_menu_typo_font_weight_tablet":"","ocean_menu_typo_font_weight_mobile":"","ocean_menu_typo_transform":"","ocean_menu_typo_transform_tablet":"","ocean_menu_typo_transform_mobile":"","ocean_menu_typo_line_height":0,"ocean_menu_typo_line_height_tablet":0,"ocean_menu_typo_line_height_mobile":0,"ocean_menu_typo_line_height_unit":"","ocean_menu_typo_spacing":0,"ocean_menu_typo_spacing_tablet":0,"ocean_menu_typo_spacing_mobile":0,"ocean_menu_typo_spacing_unit":"","ocean_menu_link_color":"","ocean_menu_link_color_hover":"","ocean_menu_link_color_active":"","ocean_menu_link_background":"","ocean_menu_link_hover_background":"","ocean_menu_link_active_background":"","ocean_menu_social_links_bg":"","ocean_menu_social_hover_links_bg":"","ocean_menu_social_links_color":"","ocean_menu_social_hover_links_color":"","ocean_disable_title":"default","ocean_disable_heading":"default","ocean_post_title":"","ocean_post_subheading":"","ocean_post_title_style":"","ocean_post_title_background_color":"","ocean_post_title_background":0,"ocean_post_title_bg_image_position":"","ocean_post_title_bg_image_attachment":"","ocean_post_title_bg_image_repeat":"","ocean_post_title_bg_image_size":"","ocean_post_title_height":0,"ocean_post_title_bg_overlay":0.5,"ocean_post_title_bg_overlay_color":"","ocean_disable_breadcrumbs":"default","ocean_breadcrumbs_color":"","ocean_breadcrumbs_separator_color":"","ocean_breadcrumbs_links_color":"","ocean_breadcrumbs_links_hover_color":"","ocean_display_footer_widgets":"default","ocean_display_footer_bottom":"default","ocean_custom_footer_template":"","footnotes":"","_tec_slr_enabled":"","_tec_slr_layout":""},"class_list":["post-75","page","type-page","status-publish","hentry","entry"],"ticketed":false,"_links":{"self":[{"href":"https:\/\/beneteau.projetsmmichamps.fr\/SiteOnePage\/wp-json\/wp\/v2\/pages\/75","targetHints":{"allow":["GET"]}}],"collection":[{"href":"https:\/\/beneteau.projetsmmichamps.fr\/SiteOnePage\/wp-json\/wp\/v2\/pages"}],"about":[{"href":"https:\/\/beneteau.projetsmmichamps.fr\/SiteOnePage\/wp-json\/wp\/v2\/types\/page"}],"author":[{"embeddable":true,"href":"https:\/\/beneteau.projetsmmichamps.fr\/SiteOnePage\/wp-json\/wp\/v2\/users\/1"}],"replies":[{"embeddable":true,"href":"https:\/\/beneteau.projetsmmichamps.fr\/SiteOnePage\/wp-json\/wp\/v2\/comments?post=75"}],"version-history":[{"count":3,"href":"https:\/\/beneteau.projetsmmichamps.fr\/SiteOnePage\/wp-json\/wp\/v2\/pages\/75\/revisions"}],"predecessor-version":[{"id":148,"href":"https:\/\/beneteau.projetsmmichamps.fr\/SiteOnePage\/wp-json\/wp\/v2\/pages\/75\/revisions\/148"}],"wp:attachment":[{"href":"https:\/\/beneteau.projetsmmichamps.fr\/SiteOnePage\/wp-json\/wp\/v2\/media?parent=75"}],"curies":[{"name":"wp","href":"https:\/\/api.w.org\/{rel}","templated":true}]}}